{"id":24,"date":"2025-06-19T14:01:27","date_gmt":"2025-06-19T14:01:27","guid":{"rendered":"https:\/\/neogenica.org\/?page_id=24"},"modified":"2025-06-20T21:27:57","modified_gmt":"2025-06-20T21:27:57","slug":"ciencia-educacion","status":"publish","type":"page","link":"https:\/\/neogenica.org\/en\/ciencia-educacion\/","title":{"rendered":"Ciencia &amp; Educaci\u00f3n"},"content":{"rendered":"<div data-elementor-type=\"wp-page\" data-elementor-id=\"24\" class=\"elementor elementor-24\">\n\t\t\t\t<div class=\"elementor-element elementor-element-e3e3adb e-flex e-con-boxed e-con e-parent\" data-id=\"e3e3adb\" data-element_type=\"container\">\n\t\t\t\t\t<div class=\"e-con-inner\">\n\t\t\t\t<div class=\"elementor-element elementor-element-d3724c7 elementor-widget elementor-widget-heading\" data-id=\"d3724c7\" data-element_type=\"widget\" data-widget_type=\"heading.default\">\n\t\t\t\t<div class=\"elementor-widget-container\">\n\t\t\t\t\t<h2 class=\"elementor-heading-title elementor-size-default\">Ciencia &amp; Educaci\u00f3n<\/h2>\t\t\t\t<\/div>\n\t\t\t\t<\/div>\n\t\t\t\t\t<\/div>\n\t\t\t\t<\/div>\n\t\t<div class=\"elementor-element elementor-element-2b28e07 e-flex e-con-boxed e-con e-parent\" data-id=\"2b28e07\" data-element_type=\"container\">\n\t\t\t\t\t<div class=\"e-con-inner\">\n\t\t\t\t<div class=\"elementor-element elementor-element-743423a elementor-widget elementor-widget-heading\" data-id=\"743423a\" data-element_type=\"widget\" data-widget_type=\"heading.default\">\n\t\t\t\t<div class=\"elementor-widget-container\">\n\t\t\t\t\t<h2 class=\"elementor-heading-title elementor-size-default\"><ul data-start=\"577\" data-end=\"998\"><li data-start=\"789\" data-end=\"998\"><ul data-start=\"838\" data-end=\"998\"><li data-start=\"838\" data-end=\"998\"><blockquote data-start=\"862\" data-end=\"998\"><p data-start=\"864\" data-end=\"998\">Base cient\u00edfica, formaci\u00f3n avanzada y divulgaci\u00f3n del conocimiento en medicina regenerativa, neuroestimulaci\u00f3n y epigen\u00e9tica aplicada.<\/p>\n<\/blockquote>\n<\/li>\n<\/ul>\n<\/li>\n<\/ul>\n<\/h2>\t\t\t\t<\/div>\n\t\t\t\t<\/div>\n\t\t\t\t\t<\/div>\n\t\t\t\t<\/div>\n\t\t<div class=\"elementor-element elementor-element-6096085 e-flex e-con-boxed e-con e-parent\" data-id=\"6096085\" data-element_type=\"container\">\n\t\t\t\t\t<div class=\"e-con-inner\">\n\t\t\t\t<div class=\"elementor-element elementor-element-1d99bf0 elementor-widget elementor-widget-text-editor\" data-id=\"1d99bf0\" data-element_type=\"widget\" data-widget_type=\"text-editor.default\">\n\t\t\t\t<div class=\"elementor-widget-container\">\n\t\t\t\t\t\t\t\t\t<p><strong data-start=\"1134\" data-end=\"1148\">NEOGENICA\u00ae<\/strong> fundamenta sus protocolos en avances reales de la medicina regenerativa, neurociencia funcional y epigen\u00e9tica aplicada. Cada intervenci\u00f3n se basa en estudios de frontera, evidencia cl\u00ednica y validaci\u00f3n pr\u00e1ctica con resultados observables y medibles.<br data-start=\"1398\" data-end=\"1401\" \/>Nos enfocamos en procesos como la neurog\u00e9nesis, reprogramaci\u00f3n epigen\u00e9tica, renovaci\u00f3n celular y estimulaci\u00f3n sin\u00e1ptica integral.<\/p>\t\t\t\t\t\t\t\t<\/div>\n\t\t\t\t<\/div>\n\t\t\t\t\t<\/div>\n\t\t\t\t<\/div>\n\t\t\t\t<\/div>","protected":false},"excerpt":{"rendered":"<p>Ciencia &amp; Educaci\u00f3n Base cient\u00edfica, formaci\u00f3n avanzada y divulgaci\u00f3n del conocimiento en medicina regenerativa, neuroestimulaci\u00f3n y epigen\u00e9tica aplicada. NEOGENICA\u00ae fundamenta [&hellip;]<\/p>","protected":false},"author":1,"featured_media":0,"parent":0,"menu_order":0,"comment_status":"closed","ping_status":"closed","template":"","meta":{"site-sidebar-layout":"no-sidebar","site-content-layout":"","ast-site-content-layout":"full-width-container","site-content-style":"default","site-sidebar-style":"default","ast-global-header-display":"","ast-banner-title-visibility":"","ast-main-header-display":"","ast-hfb-above-header-display":"","ast-hfb-below-header-display":"","ast-hfb-mobile-header-display":"","site-post-title":"disabled","ast-breadcrumbs-content":"","ast-featured-img":"disabled","footer-sml-layout":"","theme-transparent-header-meta":"","adv-header-id-meta":"","stick-header-meta":"","header-above-stick-meta":"","header-main-stick-meta":"","header-below-stick-meta":"","astra-migrate-meta-layouts":"default","ast-page-background-enabled":"default","ast-page-background-meta":{"desktop":{"background-color":"var(--ast-global-color-5)","background-image":"","background-repeat":"repeat","background-position":"center center","background-size":"auto","background-attachment":"scroll","background-type":"","background-media":"","overlay-type":"","overlay-color":"","overlay-opacity":"","overlay-gradient":""},"tablet":{"background-color":"","background-image":"","background-repeat":"repeat","background-position":"center center","background-size":"auto","background-attachment":"scroll","background-type":"","background-media":"","overlay-type":"","overlay-color":"","overlay-opacity":"","overlay-gradient":""},"mobile":{"background-color":"","background-image":"","background-repeat":"repeat","background-position":"center center","background-size":"auto","background-attachment":"scroll","background-type":"","background-media":"","overlay-type":"","overlay-color":"","overlay-opacity":"","overlay-gradient":""}},"ast-content-background-meta":{"desktop":{"background-color":"var(--ast-global-color-4)","background-image":"","background-repeat":"repeat","background-position":"center center","background-size":"auto","background-attachment":"scroll","background-type":"","background-media":"","overlay-type":"","overlay-color":"","overlay-opacity":"","overlay-gradient":""},"tablet":{"background-color":"var(--ast-global-color-4)","background-image":"","background-repeat":"repeat","background-position":"center center","background-size":"auto","background-attachment":"scroll","background-type":"","background-media":"","overlay-type":"","overlay-color":"","overlay-opacity":"","overlay-gradient":""},"mobile":{"background-color":"var(--ast-global-color-4)","background-image":"","background-repeat":"repeat","background-position":"center center","background-size":"auto","background-attachment":"scroll","background-type":"","background-media":"","overlay-type":"","overlay-color":"","overlay-opacity":"","overlay-gradient":""}},"footnotes":""},"class_list":["post-24","page","type-page","status-publish","hentry"],"_links":{"self":[{"href":"https:\/\/neogenica.org\/en\/wp-json\/wp\/v2\/pages\/24","targetHints":{"allow":["GET"]}}],"collection":[{"href":"https:\/\/neogenica.org\/en\/wp-json\/wp\/v2\/pages"}],"about":[{"href":"https:\/\/neogenica.org\/en\/wp-json\/wp\/v2\/types\/page"}],"author":[{"embeddable":true,"href":"https:\/\/neogenica.org\/en\/wp-json\/wp\/v2\/users\/1"}],"replies":[{"embeddable":true,"href":"https:\/\/neogenica.org\/en\/wp-json\/wp\/v2\/comments?post=24"}],"version-history":[{"count":4,"href":"https:\/\/neogenica.org\/en\/wp-json\/wp\/v2\/pages\/24\/revisions"}],"predecessor-version":[{"id":97,"href":"https:\/\/neogenica.org\/en\/wp-json\/wp\/v2\/pages\/24\/revisions\/97"}],"wp:attachment":[{"href":"https:\/\/neogenica.org\/en\/wp-json\/wp\/v2\/media?parent=24"}],"curies":[{"name":"wp","href":"https:\/\/api.w.org\/{rel}","templated":true}]}}