{"id":10,"date":"2025-06-19T07:08:25","date_gmt":"2025-06-19T07:08:25","guid":{"rendered":"https:\/\/neogenica.org\/?page_id=10"},"modified":"2025-06-21T05:37:48","modified_gmt":"2025-06-21T05:37:48","slug":"inicio","status":"publish","type":"page","link":"https:\/\/neogenica.org\/en\/inicio\/","title":{"rendered":"Inicio"},"content":{"rendered":"<div data-elementor-type=\"wp-page\" data-elementor-id=\"10\" class=\"elementor elementor-10\">\n\t\t\t\t<div class=\"elementor-element elementor-element-85b1531 e-flex e-con-boxed e-con e-parent\" data-id=\"85b1531\" data-element_type=\"container\" data-settings=\"{&quot;background_background&quot;:&quot;classic&quot;}\">\n\t\t\t\t\t<div class=\"e-con-inner\">\n\t\t\t\t<div class=\"elementor-element elementor-element-10dbfda elementor-widget__width-inherit elementor-invisible elementor-widget elementor-widget-heading\" data-id=\"10dbfda\" data-element_type=\"widget\" data-settings=\"{&quot;_animation&quot;:&quot;fadeIn&quot;,&quot;_animation_delay&quot;:0}\" data-widget_type=\"heading.default\">\n\t\t\t\t<div class=\"elementor-widget-container\">\n\t\t\t\t\t<h2 class=\"elementor-heading-title elementor-size-default\"> Cellular Regeneration, Neurostimulation and Applied Epigenetic Reversion<\/h2>\t\t\t\t<\/div>\n\t\t\t\t<\/div>\n\t\t\t\t\t<\/div>\n\t\t\t\t<\/div>\n\t\t<div class=\"elementor-element elementor-element-0c4ec3b e-flex e-con-boxed e-con e-parent\" data-id=\"0c4ec3b\" data-element_type=\"container\">\n\t\t\t\t\t<div class=\"e-con-inner\">\n\t\t\t\t<div class=\"elementor-element elementor-element-5e64a58 elementor-widget elementor-widget-text-editor\" data-id=\"5e64a58\" data-element_type=\"widget\" data-widget_type=\"text-editor.default\">\n\t\t\t\t<div class=\"elementor-widget-container\">\n\t\t\t\t\t\t\t\t\t<p>Neogenica\u00ae es una iniciativa de biotecnolog\u00eda avanzada enfocada en protocolos cl\u00ednicos reales para la regeneraci\u00f3n celular, la neuroestimulaci\u00f3n funcional y la reversi\u00f3n epigen\u00e9tica aplicada. Utilizamos ciencia de frontera, compuestos bioactivos y tecnolog\u00edas integradas para redefinir la medicina regenerativa humana.<\/p>\t\t\t\t\t\t\t\t<\/div>\n\t\t\t\t<\/div>\n\t\t\t\t\t<\/div>\n\t\t\t\t<\/div>\n\t\t<div class=\"elementor-element elementor-element-db687c8 e-flex e-con-boxed e-con e-parent\" data-id=\"db687c8\" data-element_type=\"container\">\n\t\t\t\t\t<div class=\"e-con-inner\">\n\t\t\t\t<div class=\"elementor-element elementor-element-df617a6 elementor-widget elementor-widget-image\" data-id=\"df617a6\" data-element_type=\"widget\" data-widget_type=\"image.default\">\n\t\t\t\t<div class=\"elementor-widget-container\">\n\t\t\t\t\t\t\t\t\t\t\t\t<figure class=\"wp-caption\">\n\t\t\t\t\t\t\t\t\t\t<img fetchpriority=\"high\" decoding=\"async\" width=\"1024\" height=\"1536\" src=\"https:\/\/neogenica.org\/wp-content\/uploads\/2025\/06\/Imagen-x.png\" class=\"attachment-2048x2048 size-2048x2048 wp-image-54\" alt=\"\" srcset=\"https:\/\/neogenica.org\/wp-content\/uploads\/2025\/06\/Imagen-x.png 1024w, https:\/\/neogenica.org\/wp-content\/uploads\/2025\/06\/Imagen-x-200x300.png 200w, https:\/\/neogenica.org\/wp-content\/uploads\/2025\/06\/Imagen-x-683x1024.png 683w, https:\/\/neogenica.org\/wp-content\/uploads\/2025\/06\/Imagen-x-768x1152.png 768w, https:\/\/neogenica.org\/wp-content\/uploads\/2025\/06\/Imagen-x-8x12.png 8w\" sizes=\"(max-width: 1024px) 100vw, 1024px\" \/>\t\t\t\t\t\t\t\t\t\t\t<figcaption class=\"widget-image-caption wp-caption-text\">Cellular Regeneration, Neurostimulation and Applied Epigenetic Reversion<\/figcaption>\n\t\t\t\t\t\t\t\t\t\t<\/figure>\n\t\t\t\t\t\t\t\t\t<\/div>\n\t\t\t\t<\/div>\n\t\t\t\t\t<\/div>\n\t\t\t\t<\/div>\n\t\t<div class=\"elementor-element elementor-element-3021c3c e-grid e-con-boxed e-con e-parent\" data-id=\"3021c3c\" data-element_type=\"container\">\n\t\t\t\t\t<div class=\"e-con-inner\">\n\t\t\t\t<div class=\"elementor-element elementor-element-3509e22 elementor-widget elementor-widget-image\" data-id=\"3509e22\" data-element_type=\"widget\" data-widget_type=\"image.default\">\n\t\t\t\t<div class=\"elementor-widget-container\">\n\t\t\t\t\t\t\t\t\t\t\t\t\t\t\t<img decoding=\"async\" width=\"1024\" height=\"1024\" src=\"https:\/\/neogenica.org\/wp-content\/uploads\/2025\/06\/IMAGEN-NEOGENICA-1.png\" class=\"attachment-large size-large wp-image-81\" alt=\"Redefining Regeneration Medicine\" srcset=\"https:\/\/neogenica.org\/wp-content\/uploads\/2025\/06\/IMAGEN-NEOGENICA-1.png 1024w, https:\/\/neogenica.org\/wp-content\/uploads\/2025\/06\/IMAGEN-NEOGENICA-1-300x300.png 300w, https:\/\/neogenica.org\/wp-content\/uploads\/2025\/06\/IMAGEN-NEOGENICA-1-150x150.png 150w, https:\/\/neogenica.org\/wp-content\/uploads\/2025\/06\/IMAGEN-NEOGENICA-1-768x768.png 768w, https:\/\/neogenica.org\/wp-content\/uploads\/2025\/06\/IMAGEN-NEOGENICA-1-12x12.png 12w\" sizes=\"(max-width: 1024px) 100vw, 1024px\" \/>\t\t\t\t\t\t\t\t\t\t\t\t\t\t\t<\/div>\n\t\t\t\t<\/div>\n\t\t\t\t<div class=\"elementor-element elementor-element-34f9a43 elementor-widget elementor-widget-google_maps\" data-id=\"34f9a43\" data-element_type=\"widget\" data-widget_type=\"google_maps.default\">\n\t\t\t\t<div class=\"elementor-widget-container\">\n\t\t\t\t\t\t\t<div class=\"elementor-custom-embed\">\n\t\t\t<iframe loading=\"lazy\"\n\t\t\t\t\tsrc=\"https:\/\/maps.google.com\/maps?q=tierralta%20cordoba%20colombia&#038;t=m&#038;z=5&#038;output=embed&#038;iwloc=near\"\n\t\t\t\t\ttitle=\"tierralta cordoba colombia\"\n\t\t\t\t\taria-label=\"tierralta cordoba colombia\"\n\t\t\t><\/iframe>\n\t\t<\/div>\n\t\t\t\t\t\t<\/div>\n\t\t\t\t<\/div>\n\t\t\t\t<div class=\"elementor-element elementor-element-30392c7 elementor-shape-rounded elementor-grid-0 e-grid-align-center elementor-widget elementor-widget-social-icons\" data-id=\"30392c7\" data-element_type=\"widget\" data-widget_type=\"social-icons.default\">\n\t\t\t\t<div class=\"elementor-widget-container\">\n\t\t\t\t\t\t\t<div class=\"elementor-social-icons-wrapper elementor-grid\" role=\"list\">\n\t\t\t\t\t\t\t<span class=\"elementor-grid-item\" role=\"listitem\">\n\t\t\t\t\t<a class=\"elementor-icon elementor-social-icon elementor-social-icon-facebook elementor-repeater-item-47dd329\" target=\"_blank\">\n\t\t\t\t\t\t<span class=\"elementor-screen-only\">Facebook<\/span>\n\t\t\t\t\t\t<svg aria-hidden=\"true\" class=\"e-font-icon-svg e-fab-facebook\" viewbox=\"0 0 512 512\" xmlns=\"http:\/\/www.w3.org\/2000\/svg\"><path d=\"M504 256C504 119 393 8 256 8S8 119 8 256c0 123.78 90.69 226.38 209.25 245V327.69h-63V256h63v-54.64c0-62.15 37-96.48 93.67-96.48 27.14 0 55.52 4.84 55.52 4.84v61h-31.28c-30.8 0-40.41 19.12-40.41 38.73V256h68.78l-11 71.69h-57.78V501C413.31 482.38 504 379.78 504 256z\"><\/path><\/svg>\t\t\t\t\t<\/a>\n\t\t\t\t<\/span>\n\t\t\t\t\t\t\t<span class=\"elementor-grid-item\" role=\"listitem\">\n\t\t\t\t\t<a class=\"elementor-icon elementor-social-icon elementor-social-icon-twitter elementor-repeater-item-7ac7b1c\" target=\"_blank\">\n\t\t\t\t\t\t<span class=\"elementor-screen-only\">Twitter<\/span>\n\t\t\t\t\t\t<svg aria-hidden=\"true\" class=\"e-font-icon-svg e-fab-twitter\" viewbox=\"0 0 512 512\" xmlns=\"http:\/\/www.w3.org\/2000\/svg\"><path d=\"M459.37 151.716c.325 4.548.325 9.097.325 13.645 0 138.72-105.583 298.558-298.558 298.558-59.452 0-114.68-17.219-161.137-47.106 8.447.974 16.568 1.299 25.34 1.299 49.055 0 94.213-16.568 130.274-44.832-46.132-.975-84.792-31.188-98.112-72.772 6.498.974 12.995 1.624 19.818 1.624 9.421 0 18.843-1.3 27.614-3.573-48.081-9.747-84.143-51.98-84.143-102.985v-1.299c13.969 7.797 30.214 12.67 47.431 13.319-28.264-18.843-46.781-51.005-46.781-87.391 0-19.492 5.197-37.36 14.294-52.954 51.655 63.675 129.3 105.258 216.365 109.807-1.624-7.797-2.599-15.918-2.599-24.04 0-57.828 46.782-104.934 104.934-104.934 30.213 0 57.502 12.67 76.67 33.137 23.715-4.548 46.456-13.32 66.599-25.34-7.798 24.366-24.366 44.833-46.132 57.827 21.117-2.273 41.584-8.122 60.426-16.243-14.292 20.791-32.161 39.308-52.628 54.253z\"><\/path><\/svg>\t\t\t\t\t<\/a>\n\t\t\t\t<\/span>\n\t\t\t\t\t<\/div>\n\t\t\t\t\t\t<\/div>\n\t\t\t\t<\/div>\n\t\t\t\t<div class=\"elementor-element elementor-element-a368573 elementor-widget elementor-widget-text-editor\" data-id=\"a368573\" data-element_type=\"widget\" data-widget_type=\"text-editor.default\">\n\t\t\t\t<div class=\"elementor-widget-container\">\n\t\t\t\t\t\t\t\t\t<p style=\"text-align: center;\">\u00a0<\/p><p style=\"text-align: center;\">\u00a0<\/p>\t\t\t\t\t\t\t\t<\/div>\n\t\t\t\t<\/div>\n\t\t\t\t<div class=\"elementor-element elementor-element-b666432 elementor-widget elementor-widget-text-editor\" data-id=\"b666432\" data-element_type=\"widget\" data-widget_type=\"text-editor.default\">\n\t\t\t\t<div class=\"elementor-widget-container\">\n\t\t\t\t\t\t\t\t\t<p style=\"text-align: center;\">\ud83d\udccd Carrera 11 #9-24, Tierralta C\u00f3rdoba-Colombia \ud83d\udce7 <a class=\"cursor-pointer\" rel=\"noopener\" data-start=\"2080\" data-end=\"2102\">contacto@neogenica.com<\/a><br data-start=\"2102\" data-end=\"2105\" \/>\u260e\ufe0f +57 312 894 96 33.<\/p>\t\t\t\t\t\t\t\t<\/div>\n\t\t\t\t<\/div>\n\t\t\t\t\t<\/div>\n\t\t\t\t<\/div>\n\t\t<div class=\"elementor-element elementor-element-5a5df63 e-flex e-con-boxed e-con e-parent\" data-id=\"5a5df63\" data-element_type=\"container\">\n\t\t\t\t\t<div class=\"e-con-inner\">\n\t\t\t\t<div class=\"elementor-element elementor-element-214a6b3 elementor-widget elementor-widget-text-editor\" data-id=\"214a6b3\" data-element_type=\"widget\" data-widget_type=\"text-editor.default\">\n\t\t\t\t<div class=\"elementor-widget-container\">\n\t\t\t\t\t\t\t\t\t<p>NEOGENICA\u00ae<br data-start=\"1808\" data-end=\"1811\" \/>Biotecnolog\u00eda Cl\u00ednica &amp; Medicina Regenerativa<br data-start=\"1860\" data-end=\"1863\" \/>Todos los derechos reservados \u00a9 2025<\/p>\t\t\t\t\t\t\t\t<\/div>\n\t\t\t\t<\/div>\n\t\t\t\t\t<\/div>\n\t\t\t\t<\/div>\n\t\t<div class=\"elementor-element elementor-element-d4fba10 e-flex e-con-boxed e-con e-parent\" data-id=\"d4fba10\" data-element_type=\"container\">\n\t\t\t\t\t<div class=\"e-con-inner\">\n\t\t\t\t<div class=\"elementor-element elementor-element-91ce269 elementor-widget elementor-widget-wp-widget-pages\" data-id=\"91ce269\" data-element_type=\"widget\" data-widget_type=\"wp-widget-pages.default\">\n\t\t\t\t<div class=\"elementor-widget-container\">\n\t\t\t\t\t<h5>Pages<\/h5><nav aria-label=\"Pages\">\n\t\t\t<ul>\n\t\t\t\t<li class=\"page_item page-item-26 menu-item\"><a href=\"https:\/\/neogenica.org\/en\/alianzas-productos\/\" class=\"menu-link\">Alianzas &amp; Productos<\/a><\/li>\n<li class=\"page_item page-item-24 menu-item\"><a href=\"https:\/\/neogenica.org\/en\/ciencia-educacion\/\" class=\"menu-link\">Ciencia &amp; Educaci\u00f3n<\/a><\/li>\n<li class=\"page_item page-item-28 menu-item\"><a href=\"https:\/\/neogenica.org\/en\/contacto\/\" class=\"menu-link\">Contacto<\/a><\/li>\n<li class=\"page_item page-item-10 menu-item\"><a href=\"https:\/\/neogenica.org\/en\/inicio\/\" class=\"menu-link\">Inicio<\/a><\/li>\n<li class=\"page_item page-item-22 menu-item\"><a href=\"https:\/\/neogenica.org\/en\/laboratorio\/\" class=\"menu-link\">Laboratorio<\/a><\/li>\n<li class=\"page_item page-item-30 menu-item\"><a href=\"https:\/\/neogenica.org\/en\/legal\/\" class=\"menu-link\">Legal<\/a><\/li>\n<li class=\"page_item page-item-13 menu-item\"><a href=\"https:\/\/neogenica.org\/en\/nosotros\/\" class=\"menu-link\">Nosotros<\/a><\/li>\n<li class=\"page_item page-item-15 menu-item\"><a href=\"https:\/\/neogenica.org\/en\/servicios\/\" class=\"menu-link\">Servicios<\/a><\/li>\n<li class=\"page_item page-item-20 menu-item\"><a href=\"https:\/\/neogenica.org\/en\/tipos-de-protocolo\/\" class=\"menu-link\">Tipos de Protocolo<\/a><\/li>\n\t\t\t<\/ul>\n\n\t\t\t<\/nav>\t\t\t\t<\/div>\n\t\t\t\t<\/div>\n\t\t\t\t\t<\/div>\n\t\t\t\t<\/div>\n\t\t\t\t<\/div>","protected":false},"excerpt":{"rendered":"<p>Cellular Regeneration, Neurostimulation and Applied Epigenetic Reversion Neogenica\u00ae es una iniciativa de biotecnolog\u00eda avanzada enfocada en protocolos cl\u00ednicos reales para [&hellip;]<\/p>","protected":false},"author":1,"featured_media":0,"parent":0,"menu_order":0,"comment_status":"closed","ping_status":"closed","template":"","meta":{"site-sidebar-layout":"no-sidebar","site-content-layout":"","ast-site-content-layout":"full-width-container","site-content-style":"default","site-sidebar-style":"default","ast-global-header-display":"","ast-banner-title-visibility":"","ast-main-header-display":"","ast-hfb-above-header-display":"","ast-hfb-below-header-display":"","ast-hfb-mobile-header-display":"","site-post-title":"disabled","ast-breadcrumbs-content":"","ast-featured-img":"disabled","footer-sml-layout":"","theme-transparent-header-meta":"","adv-header-id-meta":"","stick-header-meta":"","header-above-stick-meta":"","header-main-stick-meta":"","header-below-stick-meta":"","astra-migrate-meta-layouts":"default","ast-page-background-enabled":"default","ast-page-background-meta":{"desktop":{"background-color":"var(--ast-global-color-5)","background-image":"","background-repeat":"repeat","background-position":"center center","background-size":"auto","background-attachment":"scroll","background-type":"","background-media":"","overlay-type":"","overlay-color":"","overlay-opacity":"","overlay-gradient":""},"tablet":{"background-color":"","background-image":"","background-repeat":"repeat","background-position":"center center","background-size":"auto","background-attachment":"scroll","background-type":"","background-media":"","overlay-type":"","overlay-color":"","overlay-opacity":"","overlay-gradient":""},"mobile":{"background-color":"","background-image":"","background-repeat":"repeat","background-position":"center center","background-size":"auto","background-attachment":"scroll","background-type":"","background-media":"","overlay-type":"","overlay-color":"","overlay-opacity":"","overlay-gradient":""}},"ast-content-background-meta":{"desktop":{"background-color":"var(--ast-global-color-4)","background-image":"","background-repeat":"repeat","background-position":"center center","background-size":"auto","background-attachment":"scroll","background-type":"","background-media":"","overlay-type":"","overlay-color":"","overlay-opacity":"","overlay-gradient":""},"tablet":{"background-color":"var(--ast-global-color-4)","background-image":"","background-repeat":"repeat","background-position":"center center","background-size":"auto","background-attachment":"scroll","background-type":"","background-media":"","overlay-type":"","overlay-color":"","overlay-opacity":"","overlay-gradient":""},"mobile":{"background-color":"var(--ast-global-color-4)","background-image":"","background-repeat":"repeat","background-position":"center center","background-size":"auto","background-attachment":"scroll","background-type":"","background-media":"","overlay-type":"","overlay-color":"","overlay-opacity":"","overlay-gradient":""}},"footnotes":""},"class_list":["post-10","page","type-page","status-publish","hentry"],"_links":{"self":[{"href":"https:\/\/neogenica.org\/en\/wp-json\/wp\/v2\/pages\/10","targetHints":{"allow":["GET"]}}],"collection":[{"href":"https:\/\/neogenica.org\/en\/wp-json\/wp\/v2\/pages"}],"about":[{"href":"https:\/\/neogenica.org\/en\/wp-json\/wp\/v2\/types\/page"}],"author":[{"embeddable":true,"href":"https:\/\/neogenica.org\/en\/wp-json\/wp\/v2\/users\/1"}],"replies":[{"embeddable":true,"href":"https:\/\/neogenica.org\/en\/wp-json\/wp\/v2\/comments?post=10"}],"version-history":[{"count":74,"href":"https:\/\/neogenica.org\/en\/wp-json\/wp\/v2\/pages\/10\/revisions"}],"predecessor-version":[{"id":141,"href":"https:\/\/neogenica.org\/en\/wp-json\/wp\/v2\/pages\/10\/revisions\/141"}],"wp:attachment":[{"href":"https:\/\/neogenica.org\/en\/wp-json\/wp\/v2\/media?parent=10"}],"curies":[{"name":"wp","href":"https:\/\/api.w.org\/{rel}","templated":true}]}}